{"id":255312,"date":"2021-10-29T14:40:39","date_gmt":"2021-10-29T12:40:39","guid":{"rendered":"https:\/\/www.manevotech.com\/augmented-reality\/"},"modified":"2021-10-29T14:54:15","modified_gmt":"2021-10-29T12:54:15","slug":"augmented-reality","status":"publish","type":"page","link":"https:\/\/www.manevotech.com\/en\/augmented-reality\/","title":{"rendered":"Augmented Reality"},"content":{"rendered":"<p>[et_pb_section fb_built=&#8221;1&#8243; _builder_version=&#8221;4.9.0&#8243; _module_preset=&#8221;default&#8221; background_image=&#8221;https:\/\/www.manevotech.com\/wp-content\/uploads\/2021\/03\/Immagine-divisione-ingegneria.jpg&#8221; global_colors_info=&#8221;{}&#8221;][et_pb_row _builder_version=&#8221;4.9.0&#8243; _module_preset=&#8221;default&#8221; custom_css_main_element=&#8221;align-items:center;&#8221; global_colors_info=&#8221;{}&#8221;][et_pb_column type=&#8221;4_4&#8243; _builder_version=&#8221;4.9.0&#8243; _module_preset=&#8221;default&#8221; global_colors_info=&#8221;{}&#8221;][et_pb_text admin_label=&#8221;Realt\u00e0 aumentata  divisione ingegneria&#8221; _builder_version=&#8221;4.10.4&#8243; _module_preset=&#8221;default&#8221; text_font=&#8221;Montserrat|||on|||||&#8221; text_text_color=&#8221;#FFFFFF&#8221; header_font=&#8221;Montserrat|900|||||||&#8221; header_text_align=&#8221;center&#8221; header_text_color=&#8221;#FFFFFF&#8221; header_font_size=&#8221;35px&#8221; text_orientation=&#8221;center&#8221; header_font_size_tablet=&#8221;&#8221; header_font_size_phone=&#8221;28px&#8221; header_font_size_last_edited=&#8221;on|phone&#8221; text_text_shadow_style=&#8221;preset2&#8243; global_colors_info=&#8221;{}&#8221;]<\/p>\n<h1>Augmented Reality\u00a0<\/h1>\n<p>Engineering Division<\/p>\n<p>[\/et_pb_text][\/et_pb_column][\/et_pb_row][\/et_pb_section][et_pb_section fb_built=&#8221;1&#8243; custom_padding_last_edited=&#8221;on|phone&#8221; admin_label=&#8221;Sezione Breadcrumb&#8221; _builder_version=&#8221;4.9.3&#8243; _module_preset=&#8221;default&#8221; background_enable_color=&#8221;off&#8221; custom_padding=&#8221;20px||20px||true|false&#8221; custom_padding_tablet=&#8221;||15px||false|false&#8221; custom_padding_phone=&#8221;&#8221; collapsed=&#8221;off&#8221; global_colors_info=&#8221;{}&#8221;][et_pb_row _builder_version=&#8221;4.9.3&#8243; _module_preset=&#8221;default&#8221; background_color=&#8221;#f2f2f2&#8243; custom_padding=&#8221;0px||0px||true|false&#8221; global_colors_info=&#8221;{}&#8221;][et_pb_column type=&#8221;4_4&#8243; _builder_version=&#8221;4.9.3&#8243; _module_preset=&#8221;default&#8221; global_colors_info=&#8221;{}&#8221;][et_pb_text _builder_version=&#8221;4.10.4&#8243; _module_preset=&#8221;default&#8221; text_font=&#8221;Open Sans|600|||||||&#8221; link_font=&#8221;Montserrat||||||||&#8221; link_font_size=&#8221;13px&#8221; custom_margin=&#8221;||||false|false&#8221; custom_padding=&#8221;10px|10px|10px|10px|true|true&#8221; hover_enabled=&#8221;0&#8243; global_colors_info=&#8221;{}&#8221; sticky_enabled=&#8221;0&#8243;]<\/p>\n<p><a href=\"https:\/\/www.manevotech.com\/en\/\">Manevotech<\/a> &gt; <a href=\"https:\/\/www.manevotech.com\/en\/engineering-division\/\">Ingegneria<\/a> &gt; <a href=\"https:\/\/www.manevotech.com\/en\/augmented-reality\/\">Realt\u00e0 Aumentata<\/a><\/p>\n<p>[\/et_pb_text][\/et_pb_column][\/et_pb_row][\/et_pb_section][et_pb_section fb_built=&#8221;1&#8243; specialty=&#8221;on&#8221; _builder_version=&#8221;4.9.3&#8243; _module_preset=&#8221;default&#8221; custom_padding=&#8221;0px||||false|false&#8221; global_colors_info=&#8221;{}&#8221;][et_pb_column type=&#8221;1_2&#8243; specialty_columns=&#8221;2&#8243; _builder_version=&#8221;3.25&#8243; custom_padding=&#8221;|||&#8221; global_colors_info=&#8221;{}&#8221; custom_padding__hover=&#8221;|||&#8221;][et_pb_row_inner _builder_version=&#8221;4.9.3&#8243; _module_preset=&#8221;default&#8221; custom_padding=&#8221;0px||||false|false&#8221; global_colors_info=&#8221;{}&#8221;][et_pb_column_inner saved_specialty_column_type=&#8221;1_2&#8243; _builder_version=&#8221;4.9.0&#8243; _module_preset=&#8221;default&#8221; global_colors_info=&#8221;{}&#8221;][et_pb_text admin_label=&#8221;divisione ingegneria  realt\u00e0 aumentata e virtuale&#8221; _builder_version=&#8221;4.10.4&#8243; _module_preset=&#8221;default&#8221; text_font=&#8221;Montserrat||||||||&#8221; text_text_color=&#8221;#D6D6D6&#8243; text_line_height=&#8221;2em&#8221; header_2_font=&#8221;Montserrat|800||on|||||&#8221; header_2_text_color=&#8221;#E09900&#8243; header_2_font_size=&#8221;22px&#8221; header_3_font=&#8221;Montserrat|800||on|||||&#8221; header_3_text_color=&#8221;#E09900&#8243; border_width_bottom=&#8221;1px&#8221; border_color_bottom=&#8221;#E09900&#8243; global_colors_info=&#8221;{}&#8221;]<\/p>\n<p>Engineering Division<\/p>\n<h2>Augmented and Virtual Reality<\/h2>\n<p>[\/et_pb_text][et_pb_text admin_label=&#8221;Grazie all\u2019evoluzione della tecnologia ad oggi disponibile, \u00e8 possibile riprodurre un componente specifico o un intero veicolo all\u2019interno di un\u2019area virtuale per poter essere condiviso in tutto il mondo con il tuo cliente attraverso le piattaforme in cloud. Gestire pi\u00f9 configurazioni, colori e accessori sar\u00e0 sempre pi\u00f9 facile ed immediato, grazie alla possibilit\u00e0 di interazione utente, cos\u00ec come poter creare un manuale di assistenza in realt\u00e0 aumentata a supporto del service per la manutenzione del proprio prodotto. Le applicazioni sono infinite.&#8221; _builder_version=&#8221;4.10.4&#8243; _module_preset=&#8221;default&#8221; global_colors_info=&#8221;{}&#8221;]<\/p>\n<p style=\"text-align: justify;\">Thanks to the evolution of technologies nowadays available, it is possible to reproduce a specific component or an entire vehicle into a virtual area to be shared with your customer around the world through cloud computing. It will be easier and more immediate to manage several configurations, colours and accessories, thanks to the possibility of user interaction, as well as being able to create an instruction manual that supports the service used for the product maintenance. The applications are unlimited.<\/p>\n<p>[\/et_pb_text][et_pb_image src=&#8221;https:\/\/www.manevotech.com\/wp-content\/uploads\/2021\/03\/Senza-nome.png&#8221; alt=&#8221;loghi unity e uforia&#8221; title_text=&#8221;loghi unity e uforia&#8221; _builder_version=&#8221;4.9.2&#8243; _module_preset=&#8221;default&#8221; global_colors_info=&#8221;{}&#8221;][\/et_pb_image][\/et_pb_column_inner][\/et_pb_row_inner][et_pb_row_inner column_structure=&#8221;1_2,1_2&#8243; _builder_version=&#8221;4.9.0&#8243; _module_preset=&#8221;default&#8221; global_colors_info=&#8221;{}&#8221;][et_pb_column_inner type=&#8221;1_2&#8243; saved_specialty_column_type=&#8221;1_2&#8243; _builder_version=&#8221;4.9.0&#8243; _module_preset=&#8221;default&#8221; link_option_url=&#8221;aree di competenza&#8221; global_colors_info=&#8221;{}&#8221;][et_pb_button button_url=&#8221;https:\/\/www.manevotech.com\/en\/engineering-division\/#areedicompetenza&#8221; button_text=&#8221;Competence areas&#8221; button_alignment=&#8221;center&#8221; button_alignment_tablet=&#8221;center&#8221; button_alignment_phone=&#8221;center&#8221; button_alignment_last_edited=&#8221;off|desktop&#8221; admin_label=&#8221;Aree di competenza&#8221; _builder_version=&#8221;4.10.4&#8243; _module_preset=&#8221;default&#8221; custom_button=&#8221;on&#8221; button_text_size=&#8221;15px&#8221; button_text_color=&#8221;#FFFFFF&#8221; button_bg_color=&#8221;#E09900&#8243; button_border_width=&#8221;1px&#8221; button_border_radius=&#8221;50px&#8221; button_font=&#8221;Montserrat||||||||&#8221; button_icon=&#8221;%%3%%&#8221; global_colors_info=&#8221;{}&#8221;][\/et_pb_button][\/et_pb_column_inner][et_pb_column_inner type=&#8221;1_2&#8243; saved_specialty_column_type=&#8221;1_2&#8243; _builder_version=&#8221;4.9.0&#8243; _module_preset=&#8221;default&#8221; link_option_url=&#8221;Richiedi informazioni&#8221; global_colors_info=&#8221;{}&#8221;][et_pb_button button_url=&#8221;https:\/\/www.manevotech.com\/en\/contatti\/&#8221; button_text=&#8221;Request information&#8221; button_alignment=&#8221;center&#8221; button_alignment_phone=&#8221;center&#8221; button_alignment_last_edited=&#8221;off|tablet&#8221; admin_label=&#8221;Richiedi Informazioni&#8221; _builder_version=&#8221;4.10.4&#8243; _module_preset=&#8221;default&#8221; custom_button=&#8221;on&#8221; button_text_size=&#8221;15px&#8221; button_text_color=&#8221;#E09900&#8243; button_border_width=&#8221;1px&#8221; button_border_radius=&#8221;50px&#8221; button_font=&#8221;Montserrat||||||||&#8221; button_icon=&#8221;%%3%%&#8221; global_colors_info=&#8221;{}&#8221;][\/et_pb_button][\/et_pb_column_inner][\/et_pb_row_inner][\/et_pb_column][et_pb_column type=&#8221;1_2&#8243; _builder_version=&#8221;3.25&#8243; custom_padding=&#8221;|||&#8221; global_colors_info=&#8221;{}&#8221; custom_padding__hover=&#8221;|||&#8221;][et_pb_image src=&#8221;https:\/\/www.manevotech.com\/wp-content\/uploads\/2021\/03\/realta-aumenatata-e-virtuale.jpg&#8221; alt=&#8221;realt\u00e0 aumenatata e  virtuale&#8221; title_text=&#8221;realt\u00e0 aumenatata e virtuale&#8221; _builder_version=&#8221;4.9.3&#8243; _module_preset=&#8221;default&#8221; custom_padding_tablet=&#8221;||30px||false|false&#8221; custom_padding_phone=&#8221;||30px||false|false&#8221; custom_padding_last_edited=&#8221;on|phone&#8221; global_colors_info=&#8221;{}&#8221;][\/et_pb_image][\/et_pb_column][\/et_pb_section]<\/p>\n","protected":false},"excerpt":{"rendered":"<p>Augmented Reality\u00a0 Engineering DivisionManevotech &gt; Ingegneria &gt; Realt\u00e0 AumentataEngineering Division Augmented and Virtual RealityThanks to the evolution of technologies nowadays available, it is possible to reproduce a specific component or an entire vehicle into a virtual area to be shared with your customer around the world through cloud computing. It will be easier and more [&hellip;]<\/p>\n","protected":false},"author":1,"featured_media":0,"parent":0,"menu_order":0,"comment_status":"closed","ping_status":"closed","template":"","meta":{"_et_pb_use_builder":"on","_et_pb_old_content":"","_et_gb_content_width":"","footnotes":""},"class_list":["post-255312","page","type-page","status-publish","hentry"],"yoast_head":"<!-- This site is optimized with the Yoast SEO plugin v27.3 - https:\/\/yoast.com\/product\/yoast-seo-wordpress\/ -->\n<title>Augmented Reality - Man Evotech<\/title>\n<meta name=\"description\" content=\"Ad oggi \u00e8 possibile riprodurre un componente specifico o un intero veicolo all\u2019interno di un\u2019area virtuale per poter essere condiviso attraverso le piattaforme in cloud.\" \/>\n<meta name=\"robots\" content=\"index, follow, max-snippet:-1, max-image-preview:large, max-video-preview:-1\" \/>\n<link rel=\"canonical\" href=\"https:\/\/www.manevotech.com\/en\/augmented-reality\/\" \/>\n<meta property=\"og:locale\" content=\"en_US\" \/>\n<meta property=\"og:type\" content=\"article\" \/>\n<meta property=\"og:title\" content=\"Augmented Reality - Man Evotech\" \/>\n<meta property=\"og:description\" content=\"Ad oggi \u00e8 possibile riprodurre un componente specifico o un intero veicolo all\u2019interno di un\u2019area virtuale per poter essere condiviso attraverso le piattaforme in cloud.\" \/>\n<meta property=\"og:url\" content=\"https:\/\/www.manevotech.com\/en\/augmented-reality\/\" \/>\n<meta property=\"og:site_name\" content=\"Man Evotech\" \/>\n<meta property=\"article:modified_time\" content=\"2021-10-29T12:54:15+00:00\" \/>\n<meta name=\"twitter:card\" content=\"summary_large_image\" \/>\n<meta name=\"twitter:label1\" content=\"Est. reading time\" \/>\n\t<meta name=\"twitter:data1\" content=\"5 minutes\" \/>\n<script type=\"application\/ld+json\" class=\"yoast-schema-graph\">{\"@context\":\"https:\\\/\\\/schema.org\",\"@graph\":[{\"@type\":\"WebPage\",\"@id\":\"https:\\\/\\\/www.manevotech.com\\\/en\\\/augmented-reality\\\/\",\"url\":\"https:\\\/\\\/www.manevotech.com\\\/en\\\/augmented-reality\\\/\",\"name\":\"Augmented Reality - Man Evotech\",\"isPartOf\":{\"@id\":\"https:\\\/\\\/www.manevotech.com\\\/en\\\/#website\"},\"datePublished\":\"2021-10-29T12:40:39+00:00\",\"dateModified\":\"2021-10-29T12:54:15+00:00\",\"description\":\"Ad oggi \u00e8 possibile riprodurre un componente specifico o un intero veicolo all\u2019interno di un\u2019area virtuale per poter essere condiviso attraverso le piattaforme in cloud.\",\"breadcrumb\":{\"@id\":\"https:\\\/\\\/www.manevotech.com\\\/en\\\/augmented-reality\\\/#breadcrumb\"},\"inLanguage\":\"en-US\",\"potentialAction\":[{\"@type\":\"ReadAction\",\"target\":[\"https:\\\/\\\/www.manevotech.com\\\/en\\\/augmented-reality\\\/\"]}]},{\"@type\":\"BreadcrumbList\",\"@id\":\"https:\\\/\\\/www.manevotech.com\\\/en\\\/augmented-reality\\\/#breadcrumb\",\"itemListElement\":[{\"@type\":\"ListItem\",\"position\":1,\"name\":\"Home\",\"item\":\"https:\\\/\\\/www.manevotech.com\\\/en\\\/\"},{\"@type\":\"ListItem\",\"position\":2,\"name\":\"Augmented Reality\"}]},{\"@type\":\"WebSite\",\"@id\":\"https:\\\/\\\/www.manevotech.com\\\/en\\\/#website\",\"url\":\"https:\\\/\\\/www.manevotech.com\\\/en\\\/\",\"name\":\"Man Evotech\",\"description\":\"Servizi di consulenza Torino | Ingegneria meccanica e informatica\",\"potentialAction\":[{\"@type\":\"SearchAction\",\"target\":{\"@type\":\"EntryPoint\",\"urlTemplate\":\"https:\\\/\\\/www.manevotech.com\\\/en\\\/?s={search_term_string}\"},\"query-input\":{\"@type\":\"PropertyValueSpecification\",\"valueRequired\":true,\"valueName\":\"search_term_string\"}}],\"inLanguage\":\"en-US\"}]}<\/script>\n<!-- \/ Yoast SEO plugin. -->","yoast_head_json":{"title":"Augmented Reality - Man Evotech","description":"Ad oggi \u00e8 possibile riprodurre un componente specifico o un intero veicolo all\u2019interno di un\u2019area virtuale per poter essere condiviso attraverso le piattaforme in cloud.","robots":{"index":"index","follow":"follow","max-snippet":"max-snippet:-1","max-image-preview":"max-image-preview:large","max-video-preview":"max-video-preview:-1"},"canonical":"https:\/\/www.manevotech.com\/en\/augmented-reality\/","og_locale":"en_US","og_type":"article","og_title":"Augmented Reality - Man Evotech","og_description":"Ad oggi \u00e8 possibile riprodurre un componente specifico o un intero veicolo all\u2019interno di un\u2019area virtuale per poter essere condiviso attraverso le piattaforme in cloud.","og_url":"https:\/\/www.manevotech.com\/en\/augmented-reality\/","og_site_name":"Man Evotech","article_modified_time":"2021-10-29T12:54:15+00:00","twitter_card":"summary_large_image","twitter_misc":{"Est. reading time":"5 minutes"},"schema":{"@context":"https:\/\/schema.org","@graph":[{"@type":"WebPage","@id":"https:\/\/www.manevotech.com\/en\/augmented-reality\/","url":"https:\/\/www.manevotech.com\/en\/augmented-reality\/","name":"Augmented Reality - Man Evotech","isPartOf":{"@id":"https:\/\/www.manevotech.com\/en\/#website"},"datePublished":"2021-10-29T12:40:39+00:00","dateModified":"2021-10-29T12:54:15+00:00","description":"Ad oggi \u00e8 possibile riprodurre un componente specifico o un intero veicolo all\u2019interno di un\u2019area virtuale per poter essere condiviso attraverso le piattaforme in cloud.","breadcrumb":{"@id":"https:\/\/www.manevotech.com\/en\/augmented-reality\/#breadcrumb"},"inLanguage":"en-US","potentialAction":[{"@type":"ReadAction","target":["https:\/\/www.manevotech.com\/en\/augmented-reality\/"]}]},{"@type":"BreadcrumbList","@id":"https:\/\/www.manevotech.com\/en\/augmented-reality\/#breadcrumb","itemListElement":[{"@type":"ListItem","position":1,"name":"Home","item":"https:\/\/www.manevotech.com\/en\/"},{"@type":"ListItem","position":2,"name":"Augmented Reality"}]},{"@type":"WebSite","@id":"https:\/\/www.manevotech.com\/en\/#website","url":"https:\/\/www.manevotech.com\/en\/","name":"Man Evotech","description":"Servizi di consulenza Torino | Ingegneria meccanica e informatica","potentialAction":[{"@type":"SearchAction","target":{"@type":"EntryPoint","urlTemplate":"https:\/\/www.manevotech.com\/en\/?s={search_term_string}"},"query-input":{"@type":"PropertyValueSpecification","valueRequired":true,"valueName":"search_term_string"}}],"inLanguage":"en-US"}]}},"_links":{"self":[{"href":"https:\/\/www.manevotech.com\/en\/wp-json\/wp\/v2\/pages\/255312","targetHints":{"allow":["GET"]}}],"collection":[{"href":"https:\/\/www.manevotech.com\/en\/wp-json\/wp\/v2\/pages"}],"about":[{"href":"https:\/\/www.manevotech.com\/en\/wp-json\/wp\/v2\/types\/page"}],"author":[{"embeddable":true,"href":"https:\/\/www.manevotech.com\/en\/wp-json\/wp\/v2\/users\/1"}],"replies":[{"embeddable":true,"href":"https:\/\/www.manevotech.com\/en\/wp-json\/wp\/v2\/comments?post=255312"}],"version-history":[{"count":0,"href":"https:\/\/www.manevotech.com\/en\/wp-json\/wp\/v2\/pages\/255312\/revisions"}],"wp:attachment":[{"href":"https:\/\/www.manevotech.com\/en\/wp-json\/wp\/v2\/media?parent=255312"}],"curies":[{"name":"wp","href":"https:\/\/api.w.org\/{rel}","templated":true}]}}