{"id":255379,"date":"2021-11-04T10:37:54","date_gmt":"2021-11-04T09:37:54","guid":{"rendered":"https:\/\/www.manevotech.com\/research-and-development\/"},"modified":"2021-11-05T16:57:43","modified_gmt":"2021-11-05T15:57:43","slug":"research-and-development","status":"publish","type":"page","link":"https:\/\/www.manevotech.com\/en\/research-and-development\/","title":{"rendered":"Research and Development"},"content":{"rendered":"<p>[et_pb_section fb_built=&#8221;1&#8243; _builder_version=&#8221;4.9.0&#8243; _module_preset=&#8221;default&#8221; background_image=&#8221;https:\/\/www.manevotech.com\/wp-content\/uploads\/2021\/03\/Immagine-divisione-ingegneria.jpg&#8221; global_colors_info=&#8221;{}&#8221;][et_pb_row _builder_version=&#8221;4.9.0&#8243; _module_preset=&#8221;default&#8221; custom_css_main_element=&#8221;align-items:center;&#8221; global_colors_info=&#8221;{}&#8221;][et_pb_column type=&#8221;4_4&#8243; _builder_version=&#8221;4.9.0&#8243; _module_preset=&#8221;default&#8221; global_colors_info=&#8221;{}&#8221;][et_pb_text admin_label=&#8221;Ricerca &#038; Sviluppo&#8221; _builder_version=&#8221;4.10.4&#8243; _module_preset=&#8221;default&#8221; text_font=&#8221;Montserrat|||on|||||&#8221; text_text_color=&#8221;#FFFFFF&#8221; header_font=&#8221;Montserrat|900|||||||&#8221; header_text_align=&#8221;center&#8221; header_text_color=&#8221;#FFFFFF&#8221; header_font_size=&#8221;35px&#8221; text_orientation=&#8221;center&#8221; header_font_size_tablet=&#8221;&#8221; header_font_size_phone=&#8221;28px&#8221; header_font_size_last_edited=&#8221;on|phone&#8221; text_text_shadow_style=&#8221;preset2&#8243; global_colors_info=&#8221;{}&#8221;]<\/p>\n<h1>Research &amp; Development<\/h1>\n<p>Engineering Division<\/p>\n<p>[\/et_pb_text][\/et_pb_column][\/et_pb_row][\/et_pb_section][et_pb_section fb_built=&#8221;1&#8243; custom_padding_last_edited=&#8221;on|phone&#8221; admin_label=&#8221;Sezione Breadcrumb&#8221; _builder_version=&#8221;4.9.3&#8243; _module_preset=&#8221;default&#8221; background_enable_color=&#8221;off&#8221; custom_padding=&#8221;20px||20px||false|false&#8221; custom_padding_tablet=&#8221;||15px||false|false&#8221; custom_padding_phone=&#8221;||15px||false|false&#8221; collapsed=&#8221;on&#8221; global_colors_info=&#8221;{}&#8221;][et_pb_row _builder_version=&#8221;4.9.3&#8243; _module_preset=&#8221;default&#8221; background_color=&#8221;#f2f2f2&#8243; custom_padding=&#8221;0px||0px||true|false&#8221; global_colors_info=&#8221;{}&#8221;][et_pb_column type=&#8221;4_4&#8243; _builder_version=&#8221;4.9.3&#8243; _module_preset=&#8221;default&#8221; global_colors_info=&#8221;{}&#8221;][et_pb_text _builder_version=&#8221;4.9.3&#8243; _module_preset=&#8221;default&#8221; text_font=&#8221;Open Sans|600|||||||&#8221; link_font=&#8221;Montserrat||||||||&#8221; link_font_size=&#8221;13px&#8221; custom_margin=&#8221;||||false|false&#8221; custom_padding=&#8221;10px|10px|10px|10px|true|true&#8221; global_colors_info=&#8221;{}&#8221;]<\/p>\n<p><a href=\"https:\/\/www.manevotech.com\/en\/\">Manevotech<\/a> &gt; <a href=\"https:\/\/www.manevotech.com\/en\/engineering-division\/\">Ingegneria\u00a0<\/a>&gt; <a href=\"https:\/\/www.manevotech.com\/en\/research-and-development\/\">Ricerca &amp; Sviluppo<\/a><\/p>\n<p>[\/et_pb_text][\/et_pb_column][\/et_pb_row][\/et_pb_section][et_pb_section fb_built=&#8221;1&#8243; specialty=&#8221;on&#8221; custom_padding_last_edited=&#8221;on|desktop&#8221; _builder_version=&#8221;4.9.3&#8243; _module_preset=&#8221;default&#8221; custom_padding=&#8221;0px||20px||false|false&#8221; custom_padding_tablet=&#8221;||54px||false|false&#8221; custom_padding_phone=&#8221;||54px||false|false&#8221; global_colors_info=&#8221;{}&#8221;][et_pb_column type=&#8221;1_2&#8243; specialty_columns=&#8221;2&#8243; _builder_version=&#8221;3.25&#8243; custom_padding=&#8221;|||&#8221; global_colors_info=&#8221;{}&#8221; custom_padding__hover=&#8221;|||&#8221;][et_pb_row_inner _builder_version=&#8221;4.9.3&#8243; _module_preset=&#8221;default&#8221; custom_padding=&#8221;0px||||false|false&#8221; global_colors_info=&#8221;{}&#8221;][et_pb_column_inner saved_specialty_column_type=&#8221;1_2&#8243; _builder_version=&#8221;4.9.0&#8243; _module_preset=&#8221;default&#8221; global_colors_info=&#8221;{}&#8221;][et_pb_text admin_label=&#8221;divisione ingegneria Ricerca &#038; Sviluppo&#8221; _builder_version=&#8221;4.10.4&#8243; _module_preset=&#8221;default&#8221; text_font=&#8221;Montserrat||||||||&#8221; text_text_color=&#8221;#D6D6D6&#8243; text_line_height=&#8221;2em&#8221; header_2_font=&#8221;Montserrat|800||on|||||&#8221; header_2_text_color=&#8221;#E09900&#8243; header_2_font_size=&#8221;22px&#8221; header_3_font=&#8221;Montserrat|800||on|||||&#8221; header_3_text_color=&#8221;#E09900&#8243; border_width_bottom=&#8221;1px&#8221; border_color_bottom=&#8221;#E09900&#8243; global_colors_info=&#8221;{}&#8221;]<\/p>\n<p>Engineering Division<\/p>\n<h2>Research and Development<\/h2>\n<p>[\/et_pb_text][et_pb_text admin_label=&#8221;L\u2019esperienza maturata nel corso degli anni ci permette di offrire il servizio di project management che include:     Gestione di tutto il processo finalizzato a produrre determinati prodotti o risultati attesi dal progetto Coordinamento del lavoro del Team (diretto o indiretto) Gestione dei tempi, costi e qualit\u00e0 del lavoro grazie alle capacit\u00e0 tecnico\/organizzative in progetti anche di grandi dimensioni Gestione dei fornitori coinvolti nel progetto Design Review Quality &#038; Qualification meeting Rendicontazione avanzamento lavoro&#8221; _builder_version=&#8221;4.10.4&#8243; _module_preset=&#8221;default&#8221; link_font=&#8221;||||on||||&#8221; global_colors_info=&#8221;{}&#8221;]<\/p>\n<p><strong>Man Evotech believes in Italy and innovation.<\/strong><\/p>\n<p>Every year it invests more than<strong> 5000 hours in research and development activities<\/strong> analysing current needs and developing avant-garde solutions.<\/p>\n<p>In the last two years, efforts have been concentrated on market and feasibility analysis of innovative projects concerning<strong> sustainable mobility<\/strong> in response to the current historical period and to freely move and reduce the risks of transports traditional sharing.<\/p>\n<p>2020 is the year of<strong> Ikairos\u00ae<\/strong>, a research and development project and new brand that will be available in 2022 with innovative solutions for sustainable mobility.<\/p>\n<p>The team is composed by professional figures that made the history of mechanics in the \u201880s, helped by young engineers fascinated by innovation and glad to have this opportunity.<\/p>\n<p><strong>Man Evotech has a dedicated laboratory, used for prototyping tests of the designed solutions.<\/strong><\/p>\n<p>[\/et_pb_text][\/et_pb_column_inner][\/et_pb_row_inner][et_pb_row_inner column_structure=&#8221;1_2,1_2&#8243; custom_padding_last_edited=&#8221;on|phone&#8221; _builder_version=&#8221;4.9.3&#8243; _module_preset=&#8221;default&#8221; custom_padding_tablet=&#8221;&#8221; custom_padding_phone=&#8221;||0px||false|false&#8221; global_colors_info=&#8221;{}&#8221;][et_pb_column_inner type=&#8221;1_2&#8243; saved_specialty_column_type=&#8221;1_2&#8243; _builder_version=&#8221;4.9.0&#8243; _module_preset=&#8221;default&#8221; link_option_url=&#8221;aree di competenza&#8221; global_colors_info=&#8221;{}&#8221;][et_pb_button button_url=&#8221;https:\/\/www.manevotech.com\/en\/engineering-division\/#areedicompetenza&#8221; button_text=&#8221;Competence areas&#8221; button_alignment=&#8221;center&#8221; admin_label=&#8221;Aree di competenza&#8221; _builder_version=&#8221;4.10.4&#8243; _module_preset=&#8221;default&#8221; custom_button=&#8221;on&#8221; button_text_size=&#8221;15px&#8221; button_text_color=&#8221;#FFFFFF&#8221; button_bg_color=&#8221;#E09900&#8243; button_border_width=&#8221;1px&#8221; button_border_radius=&#8221;50px&#8221; button_font=&#8221;Montserrat||||||||&#8221; button_icon=&#8221;%%3%%&#8221; global_colors_info=&#8221;{}&#8221;][\/et_pb_button][\/et_pb_column_inner][et_pb_column_inner type=&#8221;1_2&#8243; saved_specialty_column_type=&#8221;1_2&#8243; _builder_version=&#8221;4.9.0&#8243; _module_preset=&#8221;default&#8221; link_option_url=&#8221;Richiedi informazioni&#8221; global_colors_info=&#8221;{}&#8221;][et_pb_button button_url=&#8221;https:\/\/www.manevotech.com\/en\/contacts\/&#8221; button_text=&#8221;Ask for more information&#8221; button_alignment=&#8221;center&#8221; admin_label=&#8221;Richiedi Informazioni&#8221; _builder_version=&#8221;4.10.4&#8243; _module_preset=&#8221;default&#8221; custom_button=&#8221;on&#8221; button_text_size=&#8221;15px&#8221; button_text_color=&#8221;#E09900&#8243; button_border_width=&#8221;1px&#8221; button_border_radius=&#8221;50px&#8221; button_font=&#8221;Montserrat||||||||&#8221; button_icon=&#8221;%%3%%&#8221; hover_enabled=&#8221;0&#8243; global_colors_info=&#8221;{}&#8221; sticky_enabled=&#8221;0&#8243;][\/et_pb_button][\/et_pb_column_inner][\/et_pb_row_inner][\/et_pb_column][et_pb_column type=&#8221;1_2&#8243; _builder_version=&#8221;3.25&#8243; custom_padding=&#8221;|||&#8221; global_colors_info=&#8221;{}&#8221; custom_padding__hover=&#8221;|||&#8221;][et_pb_image src=&#8221;https:\/\/www.manevotech.com\/wp-content\/uploads\/2021\/04\/Ricerca-e-sviluppo-Manevotech.png&#8221; alt=&#8221;r&#038;d&#8221; title_text=&#8221;Ricerca e sviluppo Manevotech&#8221; _builder_version=&#8221;4.9.3&#8243; _module_preset=&#8221;default&#8221; global_colors_info=&#8221;{}&#8221;][\/et_pb_image][\/et_pb_column][\/et_pb_section]<\/p>\n","protected":false},"excerpt":{"rendered":"<p>Research &amp; Development Engineering DivisionManevotech &gt; Ingegneria\u00a0&gt; Ricerca &amp; SviluppoEngineering Division Research and DevelopmentMan Evotech believes in Italy and innovation. Every year it invests more than 5000 hours in research and development activities analysing current needs and developing avant-garde solutions. In the last two years, efforts have been concentrated on market and feasibility analysis of [&hellip;]<\/p>\n","protected":false},"author":1,"featured_media":0,"parent":0,"menu_order":0,"comment_status":"closed","ping_status":"closed","template":"","meta":{"_et_pb_use_builder":"on","_et_pb_old_content":"","_et_gb_content_width":"","footnotes":""},"class_list":["post-255379","page","type-page","status-publish","hentry"],"yoast_head":"<!-- This site is optimized with the Yoast SEO plugin v27.3 - https:\/\/yoast.com\/product\/yoast-seo-wordpress\/ -->\n<title>Ricerca, progettazione e sviluppo | Mobilit\u00e0 sostenibile - Man Evotech<\/title>\n<meta name=\"description\" content=\"Grazie a un&#039;attivit\u00e0 di Ricerca &amp; Sviluppo, offriamo soluzioni all&#039;avanguardia nel campo dell&#039;ingegneria e della mobilit\u00e0 sostenibile.\" \/>\n<meta name=\"robots\" content=\"index, follow, max-snippet:-1, max-image-preview:large, max-video-preview:-1\" \/>\n<link rel=\"canonical\" href=\"https:\/\/www.manevotech.com\/en\/research-and-development\/\" \/>\n<meta property=\"og:locale\" content=\"en_US\" \/>\n<meta property=\"og:type\" content=\"article\" \/>\n<meta property=\"og:title\" content=\"Ricerca, progettazione e sviluppo | Mobilit\u00e0 sostenibile - Man Evotech\" \/>\n<meta property=\"og:description\" content=\"Grazie a un&#039;attivit\u00e0 di Ricerca &amp; Sviluppo, offriamo soluzioni all&#039;avanguardia nel campo dell&#039;ingegneria e della mobilit\u00e0 sostenibile.\" \/>\n<meta property=\"og:url\" content=\"https:\/\/www.manevotech.com\/en\/research-and-development\/\" \/>\n<meta property=\"og:site_name\" content=\"Man Evotech\" \/>\n<meta property=\"article:modified_time\" content=\"2021-11-05T15:57:43+00:00\" \/>\n<meta name=\"twitter:card\" content=\"summary_large_image\" \/>\n<meta name=\"twitter:label1\" content=\"Est. reading time\" \/>\n\t<meta name=\"twitter:data1\" content=\"5 minutes\" \/>\n<script type=\"application\/ld+json\" class=\"yoast-schema-graph\">{\"@context\":\"https:\\\/\\\/schema.org\",\"@graph\":[{\"@type\":\"WebPage\",\"@id\":\"https:\\\/\\\/www.manevotech.com\\\/en\\\/research-and-development\\\/\",\"url\":\"https:\\\/\\\/www.manevotech.com\\\/en\\\/research-and-development\\\/\",\"name\":\"Ricerca, progettazione e sviluppo | Mobilit\u00e0 sostenibile - Man Evotech\",\"isPartOf\":{\"@id\":\"https:\\\/\\\/www.manevotech.com\\\/en\\\/#website\"},\"datePublished\":\"2021-11-04T09:37:54+00:00\",\"dateModified\":\"2021-11-05T15:57:43+00:00\",\"description\":\"Grazie a un'attivit\u00e0 di Ricerca & Sviluppo, offriamo soluzioni all'avanguardia nel campo dell'ingegneria e della mobilit\u00e0 sostenibile.\",\"breadcrumb\":{\"@id\":\"https:\\\/\\\/www.manevotech.com\\\/en\\\/research-and-development\\\/#breadcrumb\"},\"inLanguage\":\"en-US\",\"potentialAction\":[{\"@type\":\"ReadAction\",\"target\":[\"https:\\\/\\\/www.manevotech.com\\\/en\\\/research-and-development\\\/\"]}]},{\"@type\":\"BreadcrumbList\",\"@id\":\"https:\\\/\\\/www.manevotech.com\\\/en\\\/research-and-development\\\/#breadcrumb\",\"itemListElement\":[{\"@type\":\"ListItem\",\"position\":1,\"name\":\"Home\",\"item\":\"https:\\\/\\\/www.manevotech.com\\\/en\\\/\"},{\"@type\":\"ListItem\",\"position\":2,\"name\":\"Research and Development\"}]},{\"@type\":\"WebSite\",\"@id\":\"https:\\\/\\\/www.manevotech.com\\\/en\\\/#website\",\"url\":\"https:\\\/\\\/www.manevotech.com\\\/en\\\/\",\"name\":\"Man Evotech\",\"description\":\"Servizi di consulenza Torino | Ingegneria meccanica e informatica\",\"potentialAction\":[{\"@type\":\"SearchAction\",\"target\":{\"@type\":\"EntryPoint\",\"urlTemplate\":\"https:\\\/\\\/www.manevotech.com\\\/en\\\/?s={search_term_string}\"},\"query-input\":{\"@type\":\"PropertyValueSpecification\",\"valueRequired\":true,\"valueName\":\"search_term_string\"}}],\"inLanguage\":\"en-US\"}]}<\/script>\n<!-- \/ Yoast SEO plugin. -->","yoast_head_json":{"title":"Ricerca, progettazione e sviluppo | Mobilit\u00e0 sostenibile - Man Evotech","description":"Grazie a un'attivit\u00e0 di Ricerca & Sviluppo, offriamo soluzioni all'avanguardia nel campo dell'ingegneria e della mobilit\u00e0 sostenibile.","robots":{"index":"index","follow":"follow","max-snippet":"max-snippet:-1","max-image-preview":"max-image-preview:large","max-video-preview":"max-video-preview:-1"},"canonical":"https:\/\/www.manevotech.com\/en\/research-and-development\/","og_locale":"en_US","og_type":"article","og_title":"Ricerca, progettazione e sviluppo | Mobilit\u00e0 sostenibile - Man Evotech","og_description":"Grazie a un'attivit\u00e0 di Ricerca & Sviluppo, offriamo soluzioni all'avanguardia nel campo dell'ingegneria e della mobilit\u00e0 sostenibile.","og_url":"https:\/\/www.manevotech.com\/en\/research-and-development\/","og_site_name":"Man Evotech","article_modified_time":"2021-11-05T15:57:43+00:00","twitter_card":"summary_large_image","twitter_misc":{"Est. reading time":"5 minutes"},"schema":{"@context":"https:\/\/schema.org","@graph":[{"@type":"WebPage","@id":"https:\/\/www.manevotech.com\/en\/research-and-development\/","url":"https:\/\/www.manevotech.com\/en\/research-and-development\/","name":"Ricerca, progettazione e sviluppo | Mobilit\u00e0 sostenibile - Man Evotech","isPartOf":{"@id":"https:\/\/www.manevotech.com\/en\/#website"},"datePublished":"2021-11-04T09:37:54+00:00","dateModified":"2021-11-05T15:57:43+00:00","description":"Grazie a un'attivit\u00e0 di Ricerca & Sviluppo, offriamo soluzioni all'avanguardia nel campo dell'ingegneria e della mobilit\u00e0 sostenibile.","breadcrumb":{"@id":"https:\/\/www.manevotech.com\/en\/research-and-development\/#breadcrumb"},"inLanguage":"en-US","potentialAction":[{"@type":"ReadAction","target":["https:\/\/www.manevotech.com\/en\/research-and-development\/"]}]},{"@type":"BreadcrumbList","@id":"https:\/\/www.manevotech.com\/en\/research-and-development\/#breadcrumb","itemListElement":[{"@type":"ListItem","position":1,"name":"Home","item":"https:\/\/www.manevotech.com\/en\/"},{"@type":"ListItem","position":2,"name":"Research and Development"}]},{"@type":"WebSite","@id":"https:\/\/www.manevotech.com\/en\/#website","url":"https:\/\/www.manevotech.com\/en\/","name":"Man Evotech","description":"Servizi di consulenza Torino | Ingegneria meccanica e informatica","potentialAction":[{"@type":"SearchAction","target":{"@type":"EntryPoint","urlTemplate":"https:\/\/www.manevotech.com\/en\/?s={search_term_string}"},"query-input":{"@type":"PropertyValueSpecification","valueRequired":true,"valueName":"search_term_string"}}],"inLanguage":"en-US"}]}},"_links":{"self":[{"href":"https:\/\/www.manevotech.com\/en\/wp-json\/wp\/v2\/pages\/255379","targetHints":{"allow":["GET"]}}],"collection":[{"href":"https:\/\/www.manevotech.com\/en\/wp-json\/wp\/v2\/pages"}],"about":[{"href":"https:\/\/www.manevotech.com\/en\/wp-json\/wp\/v2\/types\/page"}],"author":[{"embeddable":true,"href":"https:\/\/www.manevotech.com\/en\/wp-json\/wp\/v2\/users\/1"}],"replies":[{"embeddable":true,"href":"https:\/\/www.manevotech.com\/en\/wp-json\/wp\/v2\/comments?post=255379"}],"version-history":[{"count":0,"href":"https:\/\/www.manevotech.com\/en\/wp-json\/wp\/v2\/pages\/255379\/revisions"}],"wp:attachment":[{"href":"https:\/\/www.manevotech.com\/en\/wp-json\/wp\/v2\/media?parent=255379"}],"curies":[{"name":"wp","href":"https:\/\/api.w.org\/{rel}","templated":true}]}}